{"id":521,"date":"2025-08-24T10:28:34","date_gmt":"2025-08-24T10:28:34","guid":{"rendered":"https:\/\/www.larebelledufil.fr\/?product=pochette-velours"},"modified":"2025-10-20T08:17:56","modified_gmt":"2025-10-20T08:17:56","slug":"pochette-velours","status":"publish","type":"product","link":"https:\/\/www.larebelledufil.fr\/?product=pochette-velours","title":{"rendered":"pochette velours"},"content":{"rendered":"<p>grande  pochette en velours grosse c\u00f4te noire.<\/p>\n<p>aile sequin rouge cousu<\/p>\n<p>Doublure coton z\u00e8bre avec 2 poches<br \/>\nL 35 x H 25<br \/>\nLavable en machine \u00e0 40 \u00b0<\/p>\n","protected":false},"excerpt":{"rendered":"<p>grande pochette en velours grosse c\u00f4te noire. aile sequin rouge cousu Doublure coton z\u00e8bre avec 2 poches L 35 x H 25 Lavable en machine \u00e0 40 \u00b0<\/p>\n","protected":false},"featured_media":520,"comment_status":"open","ping_status":"closed","template":"","meta":[],"product_brand":[],"product_cat":[32],"product_tag":[],"class_list":{"0":"post-521","1":"product","2":"type-product","3":"status-publish","4":"has-post-thumbnail","6":"product_cat-pochettes","8":"first","9":"instock","10":"purchasable","11":"product-type-simple"},"jetpack_sharing_enabled":true,"_links":{"self":[{"href":"https:\/\/www.larebelledufil.fr\/index.php?rest_route=\/wp\/v2\/product\/521","targetHints":{"allow":["GET"]}}],"collection":[{"href":"https:\/\/www.larebelledufil.fr\/index.php?rest_route=\/wp\/v2\/product"}],"about":[{"href":"https:\/\/www.larebelledufil.fr\/index.php?rest_route=\/wp\/v2\/types\/product"}],"replies":[{"embeddable":true,"href":"https:\/\/www.larebelledufil.fr\/index.php?rest_route=%2Fwp%2Fv2%2Fcomments&post=521"}],"wp:featuredmedia":[{"embeddable":true,"href":"https:\/\/www.larebelledufil.fr\/index.php?rest_route=\/wp\/v2\/media\/520"}],"wp:attachment":[{"href":"https:\/\/www.larebelledufil.fr\/index.php?rest_route=%2Fwp%2Fv2%2Fmedia&parent=521"}],"wp:term":[{"taxonomy":"product_brand","embeddable":true,"href":"https:\/\/www.larebelledufil.fr\/index.php?rest_route=%2Fwp%2Fv2%2Fproduct_brand&post=521"},{"taxonomy":"product_cat","embeddable":true,"href":"https:\/\/www.larebelledufil.fr\/index.php?rest_route=%2Fwp%2Fv2%2Fproduct_cat&post=521"},{"taxonomy":"product_tag","embeddable":true,"href":"https:\/\/www.larebelledufil.fr\/index.php?rest_route=%2Fwp%2Fv2%2Fproduct_tag&post=521"}],"curies":[{"name":"wp","href":"https:\/\/api.w.org\/{rel}","templated":true}]}}