{"id":171,"date":"2019-10-03T09:02:18","date_gmt":"2019-10-03T09:02:18","guid":{"rendered":"http:\/\/larebelledufil.fr\/?page_id=171"},"modified":"2025-08-15T07:44:25","modified_gmt":"2025-08-15T07:44:25","slug":"contact-us","status":"publish","type":"page","link":"https:\/\/www.larebelledufil.fr\/?page_id=171","title":{"rendered":"Contact Us"},"content":{"rendered":"\t\t<div data-elementor-type=\"wp-page\" data-elementor-id=\"171\" class=\"elementor elementor-171\">\n\t\t\t\t<div class=\"aux-parallax-section elementor-element elementor-element-7c6abc6 e-flex e-con-boxed e-con e-parent\" data-id=\"7c6abc6\" data-element_type=\"container\">\n\t\t\t\t\t<div class=\"e-con-inner\">\n\t\t<div class=\"elementor-element elementor-element-1dd0e61 e-con-full e-flex e-con e-child\" data-id=\"1dd0e61\" data-element_type=\"container\">\n\t\t\t\t<div class=\"elementor-element elementor-element-736d4e2 aux-appear-watch-animation aux-fade-in-up elementor-widget elementor-widget-aux_modern_heading\" data-id=\"736d4e2\" data-element_type=\"widget\" data-widget_type=\"aux_modern_heading.default\">\n\t\t\t\t<div class=\"elementor-widget-container\">\n\t\t\t\t\t<section class=\"aux-widget-modern-heading\">\n            <div class=\"aux-widget-inner\"><h2 class=\"aux-modern-heading-primary\">Contact<\/h2><h3 class=\"aux-modern-heading-secondary\"><span class=\"aux-head-before\">Contactez-nous<\/span><\/h3><div class=\"aux-modern-heading-description\"><p>Une demande particuli\u00e8re ? Besoin d'une cr\u00e9ation sur-mesure ? Notre \u00e9quipe r\u00e9pondra \u00e0 votre requ\u00eate dans les plus brefs d\u00e9lais.<\/p><\/div><\/div>\n        <\/section>\t\t\t\t<\/div>\n\t\t\t\t<\/div>\n\t\t\t\t<\/div>\n\t\t\t\t\t<\/div>\n\t\t\t\t<\/div>\n\t\t<div class=\"aux-parallax-section elementor-element elementor-element-dc3ded0 e-flex e-con-boxed e-con e-parent\" data-id=\"dc3ded0\" data-element_type=\"container\">\n\t\t\t\t\t<div class=\"e-con-inner\">\n\t\t<div class=\"elementor-element elementor-element-11995b7 aux-appear-watch-animation aux-fade-in-right-1 e-con-full e-flex e-con e-child\" data-id=\"11995b7\" data-element_type=\"container\">\n\t\t\t\t<div class=\"elementor-element elementor-element-7c77a96 elementor-widget elementor-widget-aux_text\" data-id=\"7c77a96\" data-element_type=\"widget\" data-widget_type=\"aux_text.default\">\n\t\t\t\t<div class=\"elementor-widget-container\">\n\t\t\t\t\t<section class=\"widget-container aux-widget-text aux-parent-auf0bf938d\">        <div class=\"aux-widget-advanced-text aux-wrap-style-simple aux-ico-pos-left aux-text-left aux-text-resp- aux-text-color-dark aux-text-widget-bg-center aux-text-no-content \" >\n        \n                            <div class=\"aux-text-widget-header \"  >\n                        <div class=\"aux-ico-box aux-ico-large aux-img-box aux-ico-shape-default aux-ico-clear \">\n                                                                <img decoding=\"async\" width=\"79\" height=\"39\" src=\"https:\/\/www.larebelledufil.fr\/wp-content\/uploads\/2019\/09\/noun_Email_254038.svg\" class=\"attachment-full size-full\" alt=\"\" \/>                                                    <\/div>\n                <\/div>\n            \n            <div class=\"aux-text-inner aux-text-widget-content\">\n                                <h4 class=\"col-title\">Email:<\/h4>\n                                <h5 class=\"col-subtitle\">larebelledufil@gmail.com<\/h5>\n\n                            <\/div>\n        <\/div>\n                    <div class=\"aux-text-widget-footer\">\n                <div class=\"aux-border-shape-none \">\n                                <\/div>\n            <\/div>\n        \n<\/section><!-- widget-container -->\t\t\t\t<\/div>\n\t\t\t\t<\/div>\n\t\t\t\t<\/div>\n\t\t<div class=\"elementor-element elementor-element-db858b6 aux-appear-watch-animation aux-fade-in-right-1 e-con-full e-flex e-con e-child\" data-id=\"db858b6\" data-element_type=\"container\">\n\t\t\t\t<div class=\"elementor-element elementor-element-c8ac86d elementor-widget elementor-widget-aux_text\" data-id=\"c8ac86d\" data-element_type=\"widget\" data-widget_type=\"aux_text.default\">\n\t\t\t\t<div class=\"elementor-widget-container\">\n\t\t\t\t\t<section class=\"widget-container aux-widget-text aux-parent-au05bd73f9\">        <div class=\"aux-widget-advanced-text aux-wrap-style-simple aux-ico-pos-left aux-text-left aux-text-resp- aux-text-color-dark aux-text-widget-bg-center aux-text-no-content \" >\n        \n                            <div class=\"aux-text-widget-header \"  >\n                        <div class=\"aux-ico-box aux-ico-large aux-img-box aux-ico-shape-default aux-ico-clear \">\n                                                                <img decoding=\"async\" width=\"43\" height=\"43\" src=\"https:\/\/www.larebelledufil.fr\/wp-content\/uploads\/2019\/09\/noun_Phone_17950751.svg\" class=\"attachment-full size-full\" alt=\"\" \/>                                                    <\/div>\n                <\/div>\n            \n            <div class=\"aux-text-inner aux-text-widget-content\">\n                                <h4 class=\"col-title\">Phone:<\/h4>\n                                <h5 class=\"col-subtitle\">06 06 06 06 06<\/h5>\n\n                            <\/div>\n        <\/div>\n                    <div class=\"aux-text-widget-footer\">\n                <div class=\"aux-border-shape-none \">\n                                <\/div>\n            <\/div>\n        \n<\/section><!-- widget-container -->\t\t\t\t<\/div>\n\t\t\t\t<\/div>\n\t\t\t\t<\/div>\n\t\t\t\t\t<\/div>\n\t\t\t\t<\/div>\n\t\t\t\t<\/div>\n\t\t","protected":false},"excerpt":{"rendered":"<p>Contact Contactez-nous Une demande particuli\u00e8re ? Besoin d&rsquo;une cr\u00e9ation sur-mesure ? Notre \u00e9quipe r\u00e9pondra \u00e0 votre requ\u00eate dans les plus brefs d\u00e9lais. Email: larebelledufil@gmail.com Phone: 06 06 06 06 06<\/p>\n","protected":false},"author":1,"featured_media":0,"parent":0,"menu_order":0,"comment_status":"closed","ping_status":"closed","template":"templates\/page-builder-content.php","meta":{"footnotes":""},"class_list":["post-171","page","type-page","status-publish","hentry"],"jetpack_sharing_enabled":true,"_links":{"self":[{"href":"https:\/\/www.larebelledufil.fr\/index.php?rest_route=\/wp\/v2\/pages\/171","targetHints":{"allow":["GET"]}}],"collection":[{"href":"https:\/\/www.larebelledufil.fr\/index.php?rest_route=\/wp\/v2\/pages"}],"about":[{"href":"https:\/\/www.larebelledufil.fr\/index.php?rest_route=\/wp\/v2\/types\/page"}],"author":[{"embeddable":true,"href":"https:\/\/www.larebelledufil.fr\/index.php?rest_route=\/wp\/v2\/users\/1"}],"replies":[{"embeddable":true,"href":"https:\/\/www.larebelledufil.fr\/index.php?rest_route=%2Fwp%2Fv2%2Fcomments&post=171"}],"version-history":[{"count":6,"href":"https:\/\/www.larebelledufil.fr\/index.php?rest_route=\/wp\/v2\/pages\/171\/revisions"}],"predecessor-version":[{"id":419,"href":"https:\/\/www.larebelledufil.fr\/index.php?rest_route=\/wp\/v2\/pages\/171\/revisions\/419"}],"wp:attachment":[{"href":"https:\/\/www.larebelledufil.fr\/index.php?rest_route=%2Fwp%2Fv2%2Fmedia&parent=171"}],"curies":[{"name":"wp","href":"https:\/\/api.w.org\/{rel}","templated":true}]}}